{"id":2814,"date":"2020-01-29T13:38:42","date_gmt":"2020-01-29T13:38:42","guid":{"rendered":"https:\/\/grupocolor.webs.upv.es\/?page_id=2814"},"modified":"2025-06-05T07:38:57","modified_gmt":"2025-06-05T07:38:57","slug":"arquitectura-interior","status":"publish","type":"page","link":"https:\/\/grupocolor.webs.upv.es\/?page_id=2814","title":{"rendered":"Arquitectura Interior"},"content":{"rendered":"\n<div style=\"height:100px\" aria-hidden=\"true\" class=\"wp-block-spacer\"><\/div>\n\n\n\n<div class=\"wp-block-columns are-vertically-aligned-top is-layout-flex wp-container-core-columns-is-layout-9d6595d7 wp-block-columns-is-layout-flex\">\n<div class=\"wp-block-column is-vertically-aligned-top is-layout-flow wp-block-column-is-layout-flow\">\n<div class=\"alignnormal\"><div id=\"metaslider-id-4811\" style=\"width: 100%;\" class=\"ml-slider-3-107-0 metaslider metaslider-flex metaslider-4811 ml-slider has-dots-nav ms-theme-default-base\" role=\"region\" aria-label=\"NAIXEM\" data-height=\"400\" data-width=\"800\">\n    <div id=\"metaslider_container_4811\">\n        <div id=\"metaslider_4811\">\n            <ul class='slides'>\n                <li style=\"display: block; width: 100%;\" class=\"slide-4817 ms-image \" aria-roledescription=\"slide\" data-date=\"2025-06-05 07:28:30\" data-filename=\"Diapositiva13-800x400.jpg\" data-slide-type=\"image\"><img decoding=\"async\" data-src=\"https:\/\/grupocolor.webs.upv.es\/wp-content\/uploads\/2025\/06\/Diapositiva13-800x400.jpg\" height=\"400\" width=\"800\" alt=\"\" class=\"slider-4811 slide-4817 msDefaultImage lazyload\" title=\"Diapositiva13\" src=\"data:image\/svg+xml;base64,PHN2ZyB3aWR0aD0iMSIgaGVpZ2h0PSIxIiB4bWxucz0iaHR0cDovL3d3dy53My5vcmcvMjAwMC9zdmciPjwvc3ZnPg==\" style=\"--smush-placeholder-width: 800px; --smush-placeholder-aspect-ratio: 800\/400;\" \/><\/li>\n                <li style=\"display: none; width: 100%;\" class=\"slide-4818 ms-image \" aria-roledescription=\"slide\" data-date=\"2025-06-05 07:28:31\" data-filename=\"Diapositiva18-800x400.jpg\" data-slide-type=\"image\"><img decoding=\"async\" data-src=\"https:\/\/grupocolor.webs.upv.es\/wp-content\/uploads\/2025\/06\/Diapositiva18-800x400.jpg\" height=\"400\" width=\"800\" alt=\"\" class=\"slider-4811 slide-4818 msDefaultImage lazyload\" title=\"Diapositiva18\" src=\"data:image\/svg+xml;base64,PHN2ZyB3aWR0aD0iMSIgaGVpZ2h0PSIxIiB4bWxucz0iaHR0cDovL3d3dy53My5vcmcvMjAwMC9zdmciPjwvc3ZnPg==\" style=\"--smush-placeholder-width: 800px; --smush-placeholder-aspect-ratio: 800\/400;\" \/><\/li>\n                <li style=\"display: none; width: 100%;\" class=\"slide-4819 ms-image \" aria-roledescription=\"slide\" data-date=\"2025-06-05 07:28:31\" data-filename=\"Diapositiva19-738x369.jpg\" data-slide-type=\"image\"><img decoding=\"async\" data-src=\"https:\/\/grupocolor.webs.upv.es\/wp-content\/uploads\/2025\/06\/Diapositiva19-738x369.jpg\" height=\"400\" width=\"800\" alt=\"\" class=\"slider-4811 slide-4819 msDefaultImage lazyload\" title=\"Diapositiva19\" src=\"data:image\/svg+xml;base64,PHN2ZyB3aWR0aD0iMSIgaGVpZ2h0PSIxIiB4bWxucz0iaHR0cDovL3d3dy53My5vcmcvMjAwMC9zdmciPjwvc3ZnPg==\" style=\"--smush-placeholder-width: 800px; --smush-placeholder-aspect-ratio: 800\/400;\" \/><\/li>\n                <li style=\"display: none; width: 100%;\" class=\"slide-4820 ms-image \" aria-roledescription=\"slide\" data-date=\"2025-06-05 07:28:31\" data-filename=\"Diapositiva20-800x400.jpg\" data-slide-type=\"image\"><img decoding=\"async\" data-src=\"https:\/\/grupocolor.webs.upv.es\/wp-content\/uploads\/2025\/06\/Diapositiva20-800x400.jpg\" height=\"400\" width=\"800\" alt=\"\" class=\"slider-4811 slide-4820 msDefaultImage lazyload\" title=\"Diapositiva20\" src=\"data:image\/svg+xml;base64,PHN2ZyB3aWR0aD0iMSIgaGVpZ2h0PSIxIiB4bWxucz0iaHR0cDovL3d3dy53My5vcmcvMjAwMC9zdmciPjwvc3ZnPg==\" style=\"--smush-placeholder-width: 800px; --smush-placeholder-aspect-ratio: 800\/400;\" \/><\/li>\n                <li style=\"display: none; width: 100%;\" class=\"slide-4821 ms-image \" aria-roledescription=\"slide\" data-date=\"2025-06-05 07:28:31\" data-filename=\"E2.1_Disenos-banera-03_Pagina_08-scaled-800x400.jpg\" data-slide-type=\"image\"><img decoding=\"async\" data-src=\"https:\/\/grupocolor.webs.upv.es\/wp-content\/uploads\/2025\/06\/E2.1_Disenos-banera-03_Pagina_08-scaled-800x400.jpg\" height=\"400\" width=\"800\" alt=\"\" class=\"slider-4811 slide-4821 msDefaultImage lazyload\" title=\"E2.1_Dise\u00f1os ba\u00f1era 03_P\u00e1gina_08\" src=\"data:image\/svg+xml;base64,PHN2ZyB3aWR0aD0iMSIgaGVpZ2h0PSIxIiB4bWxucz0iaHR0cDovL3d3dy53My5vcmcvMjAwMC9zdmciPjwvc3ZnPg==\" style=\"--smush-placeholder-width: 800px; --smush-placeholder-aspect-ratio: 800\/400;\" \/><\/li>\n            <\/ul>\n        <\/div>\n        \n    <\/div>\n<\/div><\/div>\n<\/div>\n\n\n\n<div class=\"wp-block-column is-vertically-aligned-top is-layout-flow wp-block-column-is-layout-flow\">\n<h6 class=\"wp-block-heading has-black-color has-text-color has-link-color wp-elements-8bba21e29025da9568fdc91584607f46\" style=\"font-size:20px;font-style:normal;font-weight:400;text-transform:uppercase\">2016\u20132019 \u2013 NAIXEM: Estrategias y Modelos Para la Mejora de la Seguridad, Funcionalidad y Experiencia de Usuario en Centros de Nacimiento&nbsp;<\/h6>\n\n\n\n<p>El objetivo del proyecto es desarrollar un modelo arquitect\u00f3nico de Centro de Nacimiento para la atenci\u00f3n al parto natural que no requiere intervenci\u00f3n m\u00e9dica, estudiando tres escalas de dise\u00f1o (edificio, espacios interiores y mobiliario), y con particular atenci\u00f3n a los requerimientos funcionales, t\u00e9cnicos y de percepci\u00f3n subjetiva de bienestar manifestados por los colectivos implicados: madres y acompa\u00f1antes, matronas y personal m\u00e9dico, personal de administraci\u00f3n y servicios, profesionales de la arquitectura y el dise\u00f1o. El GICA-UPV coordina las distintas escalas de dise\u00f1o y desarrolla los dise\u00f1os correspondientes a espacios interiores y sus colores. M\u00e1s informaci\u00f3n en <a href=\"https:\/\/naixem.com\/\" target=\"_blank\" rel=\"noreferrer noopener\">https:\/\/naixem.com\/<\/a>&nbsp;&nbsp;<a href=\"https:\/\/grupocolor.webs.upv.es\/wp-content\/uploads\/2020\/02\/IMG_20190801_114845-scaled.jpg\"><\/a><\/p>\n<\/div>\n<\/div>\n\n\n\n<div style=\"height:100px\" aria-hidden=\"true\" class=\"wp-block-spacer\"><\/div>\n\n\n\n<div class=\"wp-block-columns are-vertically-aligned-top is-layout-flex wp-container-core-columns-is-layout-9d6595d7 wp-block-columns-is-layout-flex\">\n<div class=\"wp-block-column is-vertically-aligned-top is-layout-flow wp-block-column-is-layout-flow\">\n<h6 class=\"wp-block-heading has-black-color has-text-color has-link-color wp-elements-83e6a1c2dfef568f6442aab25f12070c\" style=\"font-size:20px;font-style:normal;font-weight:400;text-transform:uppercase\">2016\u20132019 &#8211; Modificaciones del confort visual en centros residenciales para la mejora de la calidad de vida de las personas mayores<\/h6>\n\n\n\n<p>El proyecto surge como respuesta ante el progresivo fen\u00f3meno de envejecimiento de la poblaci\u00f3n, que, con la consecuente demanda de centros residenciales, requiere la determinaci\u00f3n de criterios para actuar sobre sus ambientes para fomentar el bienestar y facilitar el desarrollo y la mejora personal de los individuos que all\u00ed residen. La investigaci\u00f3n pretende establecer directrices para la caracterizaci\u00f3n crom\u00e1tica de los distintos tipos de espacios arquitect\u00f3nicos destinados a personas mayores, en aras a conseguir una habitabilidad espec\u00edficamente adaptada a sus necesidades f\u00edsicas (de movilidad y accesibilidad), sensoriales (ergonom\u00eda) y de satisfacci\u00f3n psicol\u00f3gica. Con ello se pretende aumentar la calidad de vida de la gente mayor al mejorar los espacios residenciales ya existentes, adapt\u00e1ndolos, consiguiendo un confort visual espec\u00edfico.<a href=\"https:\/\/grupocolor.webs.upv.es\/wp-content\/uploads\/2020\/02\/IMG_20190801_114845-scaled.jpg\"><\/a><\/p>\n<\/div>\n\n\n\n<div class=\"wp-block-column is-vertically-aligned-top is-layout-flow wp-block-column-is-layout-flow\">\n<div class=\"alignnormal\"><div id=\"metaslider-id-4532\" style=\"width: 100%; margin: 0 auto;\" class=\"ml-slider-3-107-0 metaslider metaslider-flex metaslider-4532 ml-slider ms-theme-default-base nav-hidden nav-hidden\" role=\"region\" aria-label=\"Modificaciones del confort\" data-height=\"500\" data-width=\"700\">\n    <div id=\"metaslider_container_4532\">\n        <div id=\"metaslider_4532\">\n            <ul class='slides'>\n                <li style=\"display: block; width: 100%;\" class=\"slide-4542 ms-image \" aria-roledescription=\"slide\" data-date=\"2025-06-02 21:53:18\" data-filename=\"IMG_20190801_114845-scaled-1.jpg\" data-slide-type=\"image\"><img decoding=\"async\" width=\"1920\" height=\"2560\" data-src=\"https:\/\/grupocolor.webs.upv.es\/wp-content\/uploads\/2025\/06\/IMG_20190801_114845-scaled-1.jpg\" class=\"slider-4532 slide-4542 msDefaultImage lazyload\" alt=\"\" rel=\"\" title=\"IMG_20190801_114845-scaled\" style=\"--smush-placeholder-width: 1920px; --smush-placeholder-aspect-ratio: 1920\/2560;margin: 0 auto; width: 53.571428571429%\" data-srcset=\"https:\/\/grupocolor.webs.upv.es\/wp-content\/uploads\/2025\/06\/IMG_20190801_114845-scaled-1.jpg 1920w, https:\/\/grupocolor.webs.upv.es\/wp-content\/uploads\/2025\/06\/IMG_20190801_114845-scaled-1-225x300.jpg 225w, https:\/\/grupocolor.webs.upv.es\/wp-content\/uploads\/2025\/06\/IMG_20190801_114845-scaled-1-768x1024.jpg 768w, https:\/\/grupocolor.webs.upv.es\/wp-content\/uploads\/2025\/06\/IMG_20190801_114845-scaled-1-1152x1536.jpg 1152w, https:\/\/grupocolor.webs.upv.es\/wp-content\/uploads\/2025\/06\/IMG_20190801_114845-scaled-1-1536x2048.jpg 1536w, https:\/\/grupocolor.webs.upv.es\/wp-content\/uploads\/2025\/06\/IMG_20190801_114845-scaled-1-600x800.jpg 600w\" data-sizes=\"(max-width: 1920px) 100vw, 1920px\" src=\"data:image\/svg+xml;base64,PHN2ZyB3aWR0aD0iMSIgaGVpZ2h0PSIxIiB4bWxucz0iaHR0cDovL3d3dy53My5vcmcvMjAwMC9zdmciPjwvc3ZnPg==\" \/><\/li>\n                <li style=\"display: none; width: 100%;\" class=\"slide-4543 ms-image \" aria-roledescription=\"slide\" data-date=\"2025-06-02 21:53:19\" data-filename=\"final-2.jpg\" data-slide-type=\"image\"><img decoding=\"async\" width=\"2048\" height=\"1036\" data-src=\"https:\/\/grupocolor.webs.upv.es\/wp-content\/uploads\/2025\/06\/final-2.jpg\" class=\"slider-4532 slide-4543 msDefaultImage lazyload\" alt=\"\" rel=\"\" title=\"final-2\" style=\"--smush-placeholder-width: 2048px; --smush-placeholder-aspect-ratio: 2048\/1036;margin-top: 10.421316964286%\" data-srcset=\"https:\/\/grupocolor.webs.upv.es\/wp-content\/uploads\/2025\/06\/final-2.jpg 2048w, https:\/\/grupocolor.webs.upv.es\/wp-content\/uploads\/2025\/06\/final-2-300x152.jpg 300w, https:\/\/grupocolor.webs.upv.es\/wp-content\/uploads\/2025\/06\/final-2-1024x518.jpg 1024w, https:\/\/grupocolor.webs.upv.es\/wp-content\/uploads\/2025\/06\/final-2-768x389.jpg 768w, https:\/\/grupocolor.webs.upv.es\/wp-content\/uploads\/2025\/06\/final-2-1536x777.jpg 1536w\" data-sizes=\"(max-width: 2048px) 100vw, 2048px\" src=\"data:image\/svg+xml;base64,PHN2ZyB3aWR0aD0iMSIgaGVpZ2h0PSIxIiB4bWxucz0iaHR0cDovL3d3dy53My5vcmcvMjAwMC9zdmciPjwvc3ZnPg==\" \/><\/li>\n                <li style=\"display: none; width: 100%;\" class=\"slide-4544 ms-image \" aria-roledescription=\"slide\" data-date=\"2025-06-02 21:53:19\" data-filename=\"ANTES-DESPUES-PASILLO-b-scaled-1.jpg\" data-slide-type=\"image\"><img decoding=\"async\" width=\"2560\" height=\"1220\" data-src=\"https:\/\/grupocolor.webs.upv.es\/wp-content\/uploads\/2025\/06\/ANTES-DESPUES-PASILLO-b-scaled-1.jpg\" class=\"slider-4532 slide-4544 msDefaultImage lazyload\" alt=\"\" rel=\"\" title=\"ANTES-DESPUES-PASILLO-b-scaled\" style=\"--smush-placeholder-width: 2560px; --smush-placeholder-aspect-ratio: 2560\/1220;margin-top: 11.886160714286%\" data-srcset=\"https:\/\/grupocolor.webs.upv.es\/wp-content\/uploads\/2025\/06\/ANTES-DESPUES-PASILLO-b-scaled-1.jpg 2560w, https:\/\/grupocolor.webs.upv.es\/wp-content\/uploads\/2025\/06\/ANTES-DESPUES-PASILLO-b-scaled-1-300x143.jpg 300w, https:\/\/grupocolor.webs.upv.es\/wp-content\/uploads\/2025\/06\/ANTES-DESPUES-PASILLO-b-scaled-1-1024x488.jpg 1024w, https:\/\/grupocolor.webs.upv.es\/wp-content\/uploads\/2025\/06\/ANTES-DESPUES-PASILLO-b-scaled-1-768x366.jpg 768w, https:\/\/grupocolor.webs.upv.es\/wp-content\/uploads\/2025\/06\/ANTES-DESPUES-PASILLO-b-scaled-1-1536x732.jpg 1536w, https:\/\/grupocolor.webs.upv.es\/wp-content\/uploads\/2025\/06\/ANTES-DESPUES-PASILLO-b-scaled-1-2048x976.jpg 2048w\" data-sizes=\"(max-width: 2560px) 100vw, 2560px\" src=\"data:image\/svg+xml;base64,PHN2ZyB3aWR0aD0iMSIgaGVpZ2h0PSIxIiB4bWxucz0iaHR0cDovL3d3dy53My5vcmcvMjAwMC9zdmciPjwvc3ZnPg==\" \/><\/li>\n                <li style=\"display: none; width: 100%;\" class=\"slide-4545 ms-image \" aria-roledescription=\"slide\" data-date=\"2025-06-02 21:53:19\" data-filename=\"ANTES-DESPUES-DORMITORIO-scaled-1.jpg\" data-slide-type=\"image\"><img decoding=\"async\" width=\"2560\" height=\"1220\" data-src=\"https:\/\/grupocolor.webs.upv.es\/wp-content\/uploads\/2025\/06\/ANTES-DESPUES-DORMITORIO-scaled-1.jpg\" class=\"slider-4532 slide-4545 msDefaultImage lazyload\" alt=\"\" rel=\"\" title=\"ANTES-DESPUES-DORMITORIO-scaled\" style=\"--smush-placeholder-width: 2560px; --smush-placeholder-aspect-ratio: 2560\/1220;margin-top: 11.886160714286%\" data-srcset=\"https:\/\/grupocolor.webs.upv.es\/wp-content\/uploads\/2025\/06\/ANTES-DESPUES-DORMITORIO-scaled-1.jpg 2560w, https:\/\/grupocolor.webs.upv.es\/wp-content\/uploads\/2025\/06\/ANTES-DESPUES-DORMITORIO-scaled-1-300x143.jpg 300w, https:\/\/grupocolor.webs.upv.es\/wp-content\/uploads\/2025\/06\/ANTES-DESPUES-DORMITORIO-scaled-1-1024x488.jpg 1024w, https:\/\/grupocolor.webs.upv.es\/wp-content\/uploads\/2025\/06\/ANTES-DESPUES-DORMITORIO-scaled-1-768x366.jpg 768w, https:\/\/grupocolor.webs.upv.es\/wp-content\/uploads\/2025\/06\/ANTES-DESPUES-DORMITORIO-scaled-1-1536x732.jpg 1536w, https:\/\/grupocolor.webs.upv.es\/wp-content\/uploads\/2025\/06\/ANTES-DESPUES-DORMITORIO-scaled-1-2048x976.jpg 2048w\" data-sizes=\"(max-width: 2560px) 100vw, 2560px\" src=\"data:image\/svg+xml;base64,PHN2ZyB3aWR0aD0iMSIgaGVpZ2h0PSIxIiB4bWxucz0iaHR0cDovL3d3dy53My5vcmcvMjAwMC9zdmciPjwvc3ZnPg==\" \/><\/li>\n                <li style=\"display: none; width: 100%;\" class=\"slide-4546 ms-image \" aria-roledescription=\"slide\" data-date=\"2025-06-02 21:53:19\" data-filename=\"paletaColores.png\" data-slide-type=\"image\"><img decoding=\"async\" width=\"1089\" height=\"766\" data-src=\"https:\/\/grupocolor.webs.upv.es\/wp-content\/uploads\/2025\/06\/paletaColores.png\" class=\"slider-4532 slide-4546 msDefaultImage lazyload\" alt=\"\" rel=\"\" title=\"paletaColores\" style=\"--smush-placeholder-width: 1089px; --smush-placeholder-aspect-ratio: 1089\/766;margin-top: 0.54440508985964%\" data-srcset=\"https:\/\/grupocolor.webs.upv.es\/wp-content\/uploads\/2025\/06\/paletaColores.png 1089w, https:\/\/grupocolor.webs.upv.es\/wp-content\/uploads\/2025\/06\/paletaColores-300x211.png 300w, https:\/\/grupocolor.webs.upv.es\/wp-content\/uploads\/2025\/06\/paletaColores-1024x720.png 1024w, https:\/\/grupocolor.webs.upv.es\/wp-content\/uploads\/2025\/06\/paletaColores-768x540.png 768w\" data-sizes=\"(max-width: 1089px) 100vw, 1089px\" src=\"data:image\/svg+xml;base64,PHN2ZyB3aWR0aD0iMSIgaGVpZ2h0PSIxIiB4bWxucz0iaHR0cDovL3d3dy53My5vcmcvMjAwMC9zdmciPjwvc3ZnPg==\" \/><\/li>\n                <li style=\"display: none; width: 100%;\" class=\"slide-4547 ms-image \" aria-roledescription=\"slide\" data-date=\"2025-06-02 21:53:19\" data-filename=\"Centros-residenciales-04-scaled-1.jpg\" data-slide-type=\"image\"><img decoding=\"async\" width=\"2560\" height=\"1707\" data-src=\"https:\/\/grupocolor.webs.upv.es\/wp-content\/uploads\/2025\/06\/Centros-residenciales-04-scaled-1.jpg\" class=\"slider-4532 slide-4547 msDefaultImage lazyload\" alt=\"\" rel=\"\" title=\"Centros-residenciales-04-scaled\" style=\"--smush-placeholder-width: 2560px; --smush-placeholder-aspect-ratio: 2560\/1707;margin-top: 2.3744419642857%\" data-srcset=\"https:\/\/grupocolor.webs.upv.es\/wp-content\/uploads\/2025\/06\/Centros-residenciales-04-scaled-1.jpg 2560w, https:\/\/grupocolor.webs.upv.es\/wp-content\/uploads\/2025\/06\/Centros-residenciales-04-scaled-1-300x200.jpg 300w, https:\/\/grupocolor.webs.upv.es\/wp-content\/uploads\/2025\/06\/Centros-residenciales-04-scaled-1-1024x683.jpg 1024w, https:\/\/grupocolor.webs.upv.es\/wp-content\/uploads\/2025\/06\/Centros-residenciales-04-scaled-1-768x512.jpg 768w, https:\/\/grupocolor.webs.upv.es\/wp-content\/uploads\/2025\/06\/Centros-residenciales-04-scaled-1-1536x1024.jpg 1536w, https:\/\/grupocolor.webs.upv.es\/wp-content\/uploads\/2025\/06\/Centros-residenciales-04-scaled-1-2048x1366.jpg 2048w, https:\/\/grupocolor.webs.upv.es\/wp-content\/uploads\/2025\/06\/Centros-residenciales-04-scaled-1-1500x1000.jpg 1500w\" data-sizes=\"(max-width: 2560px) 100vw, 2560px\" src=\"data:image\/svg+xml;base64,PHN2ZyB3aWR0aD0iMSIgaGVpZ2h0PSIxIiB4bWxucz0iaHR0cDovL3d3dy53My5vcmcvMjAwMC9zdmciPjwvc3ZnPg==\" \/><\/li>\n                <li style=\"display: none; width: 100%;\" class=\"slide-4548 ms-image \" aria-roledescription=\"slide\" data-date=\"2025-06-02 21:53:19\" data-filename=\"Centros-residenciales-03-scaled-1.jpg\" data-slide-type=\"image\"><img decoding=\"async\" width=\"2560\" height=\"1920\" data-src=\"https:\/\/grupocolor.webs.upv.es\/wp-content\/uploads\/2025\/06\/Centros-residenciales-03-scaled-1.jpg\" class=\"slider-4532 slide-4548 msDefaultImage lazyload\" alt=\"\" rel=\"\" title=\"Centros-residenciales-03-scaled\" style=\"--smush-placeholder-width: 2560px; --smush-placeholder-aspect-ratio: 2560\/1920;margin: 0 auto; width: 95.238095238095%\" data-srcset=\"https:\/\/grupocolor.webs.upv.es\/wp-content\/uploads\/2025\/06\/Centros-residenciales-03-scaled-1.jpg 2560w, https:\/\/grupocolor.webs.upv.es\/wp-content\/uploads\/2025\/06\/Centros-residenciales-03-scaled-1-300x225.jpg 300w, https:\/\/grupocolor.webs.upv.es\/wp-content\/uploads\/2025\/06\/Centros-residenciales-03-scaled-1-1024x768.jpg 1024w, https:\/\/grupocolor.webs.upv.es\/wp-content\/uploads\/2025\/06\/Centros-residenciales-03-scaled-1-768x576.jpg 768w, https:\/\/grupocolor.webs.upv.es\/wp-content\/uploads\/2025\/06\/Centros-residenciales-03-scaled-1-1536x1152.jpg 1536w, https:\/\/grupocolor.webs.upv.es\/wp-content\/uploads\/2025\/06\/Centros-residenciales-03-scaled-1-2048x1536.jpg 2048w\" data-sizes=\"(max-width: 2560px) 100vw, 2560px\" src=\"data:image\/svg+xml;base64,PHN2ZyB3aWR0aD0iMSIgaGVpZ2h0PSIxIiB4bWxucz0iaHR0cDovL3d3dy53My5vcmcvMjAwMC9zdmciPjwvc3ZnPg==\" \/><\/li>\n                <li style=\"display: none; width: 100%;\" class=\"slide-4549 ms-image \" aria-roledescription=\"slide\" data-date=\"2025-06-02 21:53:19\" data-filename=\"chiva5.jpg\" data-slide-type=\"image\"><img decoding=\"async\" width=\"853\" height=\"568\" data-src=\"https:\/\/grupocolor.webs.upv.es\/wp-content\/uploads\/2025\/06\/chiva5.jpg\" class=\"slider-4532 slide-4549 msDefaultImage lazyload\" alt=\"\" rel=\"\" title=\"chiva5\" style=\"--smush-placeholder-width: 853px; --smush-placeholder-aspect-ratio: 853\/568;margin-top: 2.4200301457042%\" data-srcset=\"https:\/\/grupocolor.webs.upv.es\/wp-content\/uploads\/2025\/06\/chiva5.jpg 853w, https:\/\/grupocolor.webs.upv.es\/wp-content\/uploads\/2025\/06\/chiva5-300x200.jpg 300w, https:\/\/grupocolor.webs.upv.es\/wp-content\/uploads\/2025\/06\/chiva5-768x511.jpg 768w\" data-sizes=\"(max-width: 853px) 100vw, 853px\" src=\"data:image\/svg+xml;base64,PHN2ZyB3aWR0aD0iMSIgaGVpZ2h0PSIxIiB4bWxucz0iaHR0cDovL3d3dy53My5vcmcvMjAwMC9zdmciPjwvc3ZnPg==\" \/><\/li>\n            <\/ul>\n        <\/div>\n        \n    <\/div>\n<\/div><\/div>\n<\/div>\n<\/div>\n\n\n\n<div style=\"height:100px\" aria-hidden=\"true\" class=\"wp-block-spacer\"><\/div>\n","protected":false},"excerpt":{"rendered":"<p>2016\u20132019 \u2013 NAIXEM: Estrategias y Modelos Para la Mejora de la Seguridad, Funcionalidad y Experiencia de Usuario en Centros de Nacimiento&nbsp; El objetivo del proyecto es desarrollar un modelo arquitect\u00f3nico de Centro de Nacimiento para la atenci\u00f3n al parto natural que no requiere intervenci\u00f3n m\u00e9dica, estudiando tres escalas de dise\u00f1o (edificio, espacios interiores y mobiliario), [&hellip;]<\/p>\n","protected":false},"author":1,"featured_media":0,"parent":0,"menu_order":0,"comment_status":"closed","ping_status":"closed","template":"","meta":{"_monsterinsights_skip_tracking":false,"_monsterinsights_sitenote_active":false,"_monsterinsights_sitenote_note":"","_monsterinsights_sitenote_category":0,"footnotes":""},"class_list":["post-2814","page","type-page","status-publish","hentry"],"aioseo_notices":[],"_links":{"self":[{"href":"https:\/\/grupocolor.webs.upv.es\/index.php?rest_route=\/wp\/v2\/pages\/2814","targetHints":{"allow":["GET"]}}],"collection":[{"href":"https:\/\/grupocolor.webs.upv.es\/index.php?rest_route=\/wp\/v2\/pages"}],"about":[{"href":"https:\/\/grupocolor.webs.upv.es\/index.php?rest_route=\/wp\/v2\/types\/page"}],"author":[{"embeddable":true,"href":"https:\/\/grupocolor.webs.upv.es\/index.php?rest_route=\/wp\/v2\/users\/1"}],"replies":[{"embeddable":true,"href":"https:\/\/grupocolor.webs.upv.es\/index.php?rest_route=%2Fwp%2Fv2%2Fcomments&post=2814"}],"version-history":[{"count":5,"href":"https:\/\/grupocolor.webs.upv.es\/index.php?rest_route=\/wp\/v2\/pages\/2814\/revisions"}],"predecessor-version":[{"id":4825,"href":"https:\/\/grupocolor.webs.upv.es\/index.php?rest_route=\/wp\/v2\/pages\/2814\/revisions\/4825"}],"wp:attachment":[{"href":"https:\/\/grupocolor.webs.upv.es\/index.php?rest_route=%2Fwp%2Fv2%2Fmedia&parent=2814"}],"curies":[{"name":"wp","href":"https:\/\/api.w.org\/{rel}","templated":true}]}}