{"id":2863,"date":"2020-01-29T14:19:33","date_gmt":"2020-01-29T14:19:33","guid":{"rendered":"https:\/\/grupocolor.webs.upv.es\/?page_id=2863"},"modified":"2025-06-02T23:13:12","modified_gmt":"2025-06-02T23:13:12","slug":"asignaturas-impartidas","status":"publish","type":"page","link":"https:\/\/grupocolor.webs.upv.es\/?page_id=2863","title":{"rendered":"Asignaturas Impartidas"},"content":{"rendered":"\n<h6 class=\"wp-block-heading has-black-color has-text-color has-link-color wp-elements-dbd626c1b969ebe3f638ed28affafdab\" style=\"font-size:20px;font-style:normal;font-weight:400;text-transform:uppercase\">Docencia en titulaciones de primer y segundo ciclo y titulaciones de grado<\/h6>\n\n\n\n<div style=\"height:20px\" aria-hidden=\"true\" class=\"wp-block-spacer\"><\/div>\n\n\n\n<h3 class=\"wp-block-heading\" style=\"text-transform:uppercase\"><a href=\"http:\/\/www.upv.es\/titulaciones\/GFA\/menu_1013973c.html\" target=\"_blank\" rel=\"noreferrer noopener\"><strong>An\u00e1lisis de Formas Arquitect\u00f3nicas<\/strong><\/a><\/h3>\n\n\n\n<p><em>Grado en Fundamentos de la Arquitectura. Escuela T\u00e9cnica Superior de Arquitectura. Universitat Polit\u00e8cnica de Val\u00e8ncia.<\/em><\/p>\n\n\n\n<h3 class=\"wp-block-heading\" style=\"text-transform:uppercase\"><a href=\"https:\/\/www.upv.es\/titulaciones\/GDAI\/menu_1216680c.html\" target=\"_blank\" rel=\"noreferrer noopener\"><strong>T\u00e9cnicas gr\u00e1ficas de ideaci\u00f3n: Color y Espacio<\/strong><\/a><\/h3>\n\n\n\n<p><em>Grado en Dise\u00f1o Arquitect\u00f3nico de Interiores. Escuela T\u00e9cnica Superior de Arquitectura. Universitat Polit\u00e8cnica de Val\u00e8ncia.<\/em><\/p>\n\n\n\n<h3 class=\"wp-block-heading\" style=\"text-transform:uppercase\"><a href=\"https:\/\/www.upv.es\/titulaciones\/GDAI\/menu_1216680c.html\" target=\"_blank\" rel=\"noreferrer noopener\"><strong>Dise\u00f1o de texturas en espacios interiores<\/strong><\/a><\/h3>\n\n\n\n<p><em>Grado en Dise\u00f1o Arquitect\u00f3nico de Interiores. Escuela T\u00e9cnica Superior de Arquitectura. Universitat Polit\u00e8cnica de Val\u00e8ncia.<\/em><\/p>\n\n\n\n<h3 class=\"wp-block-heading\" style=\"text-transform:uppercase\"><a href=\"https:\/\/www.upv.es\/titulaciones\/GFA\/menu_1013973c.html%20\" target=\"_blank\" rel=\"noreferrer noopener\"><strong>Expresi\u00f3n Gr\u00e1fica Arquitect\u00f3nica.<\/strong><\/a><\/h3>\n\n\n\n<p><em>Grado en Fundamentos de la Arquitectura. Escuela T\u00e9cnica Superior de Arquitectura. Universitat Polit\u00e8cnica de Val\u00e8ncia.<\/em><\/p>\n\n\n\n<div style=\"height:80px\" aria-hidden=\"true\" class=\"wp-block-spacer\"><\/div>\n\n\n\n<h6 class=\"wp-block-heading has-black-color has-text-color has-link-color wp-elements-d90f747eb7eeb8958c1c609fa662afad\" style=\"font-size:20px;font-style:normal;font-weight:400;text-transform:uppercase\">Docencia en titulaciones de posgrado o doctorado<br><\/h6>\n\n\n\n<div style=\"height:20px\" aria-hidden=\"true\" class=\"wp-block-spacer\"><\/div>\n\n\n\n<h3 class=\"wp-block-heading\" style=\"text-transform:uppercase\"><a href=\"https:\/\/graphicandchromaticdesign.blogs.upv.es\/%20\" target=\"_blank\" rel=\"noreferrer noopener\"><strong>Graphic and Chromatic Design for Architecture and Urban Space<\/strong><\/a><\/h3>\n\n\n\n<p><em>M\u00e1ster Habilitante. Escuela T\u00e9cnica Superior de Arquitectura. Universitat Polit\u00e8cnica de Val\u00e8ncia.<\/em><\/p>\n\n\n\n<h3 class=\"wp-block-heading\" style=\"text-transform:uppercase\"><a href=\"https:\/\/coloryarquitecturasefimeras.blogs.upv.es\/%20\" target=\"_blank\" rel=\"noreferrer noopener\"><strong>Color y Dise\u00f1o de Espacios: Ergonom\u00eda Visual y Accesibilidad<\/strong><\/a><\/h3>\n\n\n\n<p><em>M\u00e1ster en Arquitecturas Avanzadas, Paisaje Urbanismo y Dise\u00f1o (MAAPUD). Escuela T\u00e9cnica Superior de Arquitectura. Universitat Polit\u00e8cnica de Val\u00e8ncia.<\/em><\/p>\n\n\n\n<h3 class=\"wp-block-heading\" style=\"text-transform:uppercase\"><a href=\"https:\/\/www.upv.es\/pls\/oalu\/sic_asi.Busca_Asi?p_codi=32512&amp;p_caca=2018&amp;P_IDIOMA=c&amp;p_vista=MSE&amp;p_tit=2160%20\" target=\"_blank\" rel=\"noreferrer noopener\"><strong>Control del Color para el Producto<\/strong><\/a><\/h3>\n\n\n\n<p><em>M\u00e1ster Universitario en Ingenier\u00eda del Dise\u00f1o. Escuela de Ingenier\u00eda del Dise\u00f1o. Universitat Polit\u00e8cnica de Val\u00e8ncia.<\/em><\/p>\n\n\n\n<h3 class=\"wp-block-heading\" style=\"text-transform:uppercase\"><a href=\"https:\/\/www.upv.es\/pls\/oalu\/sic_asi.Busca_Asi?p_codi=32536&amp;p_caca=2018&amp;P_IDIOMA=c&amp;p_vista=MSE&amp;p_tit=2160%20\" target=\"_blank\" rel=\"noreferrer noopener\"><strong>Color en Dise\u00f1o de producto y entorno<\/strong><\/a><\/h3>\n\n\n\n<p><em>M\u00e1ster Universitario en Ingenier\u00eda del Dise\u00f1o. Escuela de Ingenier\u00eda del Dise\u00f1o. Universitat Polit\u00e8cnica de Val\u00e8ncia.<\/em><\/p>\n\n\n\n<h3 class=\"wp-block-heading\" style=\"text-transform:uppercase\"><strong>Tecnolog\u00eda Avanzada aplicada a la conservaci\u00f3n del Patrimonio Arquitect\u00f3nico<\/strong><\/h3>\n\n\n\n<p><em>Master en Conservaci\u00f3n del patrimonio arquitect\u00f3nico. Universitat Polit\u00e8cnica de Val\u00e8ncia.<\/em><\/p>\n\n\n\n<h3 class=\"wp-block-heading\" style=\"text-transform:uppercase\"><a href=\"http:\/\/www.upv.es\/titulaciones\/MUCPA\/indexc.html%20\" target=\"_blank\" rel=\"noreferrer noopener\"><strong>T\u00e9cnicas no destructivas y ensayos aplicados a la arquitectura<\/strong><\/a><\/h3>\n\n\n\n<p><em>Master en Conservaci\u00f3n del patrimonio arquitect\u00f3nico. Universitat Polit\u00e8cnica de Val\u00e8ncia.<\/em><\/p>\n\n\n\n<h3 class=\"wp-block-heading\" style=\"text-transform:uppercase\"><strong>Metodolog\u00edas y T\u00e9cnicas de Reconocimiento y Evaluaci\u00f3n<\/strong><\/h3>\n\n\n\n<p><em>M\u00e1ster Universitario en Conservaci\u00f3n del Patrimonio Arquitect\u00f3nico. Universitat Polit\u00e8cnica de Val\u00e8ncia.<\/em><\/p>\n\n\n\n<div style=\"height:100px\" aria-hidden=\"true\" class=\"wp-block-spacer\"><\/div>\n","protected":false},"excerpt":{"rendered":"<p>Docencia en titulaciones de primer y segundo ciclo y titulaciones de grado An\u00e1lisis de Formas Arquitect\u00f3nicas Grado en Fundamentos de la Arquitectura. Escuela T\u00e9cnica Superior de Arquitectura. Universitat Polit\u00e8cnica de Val\u00e8ncia. T\u00e9cnicas gr\u00e1ficas de ideaci\u00f3n: Color y Espacio Grado en Dise\u00f1o Arquitect\u00f3nico de Interiores. Escuela T\u00e9cnica Superior de Arquitectura. Universitat Polit\u00e8cnica de Val\u00e8ncia. Dise\u00f1o de [&hellip;]<\/p>\n","protected":false},"author":1,"featured_media":0,"parent":0,"menu_order":0,"comment_status":"closed","ping_status":"closed","template":"","meta":{"_monsterinsights_skip_tracking":false,"_monsterinsights_sitenote_active":false,"_monsterinsights_sitenote_note":"","_monsterinsights_sitenote_category":0,"footnotes":""},"class_list":["post-2863","page","type-page","status-publish","hentry"],"aioseo_notices":[],"_links":{"self":[{"href":"https:\/\/grupocolor.webs.upv.es\/index.php?rest_route=\/wp\/v2\/pages\/2863","targetHints":{"allow":["GET"]}}],"collection":[{"href":"https:\/\/grupocolor.webs.upv.es\/index.php?rest_route=\/wp\/v2\/pages"}],"about":[{"href":"https:\/\/grupocolor.webs.upv.es\/index.php?rest_route=\/wp\/v2\/types\/page"}],"author":[{"embeddable":true,"href":"https:\/\/grupocolor.webs.upv.es\/index.php?rest_route=\/wp\/v2\/users\/1"}],"replies":[{"embeddable":true,"href":"https:\/\/grupocolor.webs.upv.es\/index.php?rest_route=%2Fwp%2Fv2%2Fcomments&post=2863"}],"version-history":[{"count":4,"href":"https:\/\/grupocolor.webs.upv.es\/index.php?rest_route=\/wp\/v2\/pages\/2863\/revisions"}],"predecessor-version":[{"id":4636,"href":"https:\/\/grupocolor.webs.upv.es\/index.php?rest_route=\/wp\/v2\/pages\/2863\/revisions\/4636"}],"wp:attachment":[{"href":"https:\/\/grupocolor.webs.upv.es\/index.php?rest_route=%2Fwp%2Fv2%2Fmedia&parent=2863"}],"curies":[{"name":"wp","href":"https:\/\/api.w.org\/{rel}","templated":true}]}}