{"id":2908,"date":"2020-01-29T15:54:16","date_gmt":"2020-01-29T15:54:16","guid":{"rendered":"https:\/\/grupocolor.webs.upv.es\/?page_id=2908"},"modified":"2025-06-03T00:17:22","modified_gmt":"2025-06-03T00:17:22","slug":"tesis","status":"publish","type":"page","link":"https:\/\/grupocolor.webs.upv.es\/?page_id=2908","title":{"rendered":"Tesis"},"content":{"rendered":"\n<p><em>Manuel Calleja Molina<\/em><\/p>\n\n\n\n<h3 class=\"wp-block-heading\" style=\"text-transform:uppercase\"><a href=\"https:\/\/riunet.upv.es\/handle\/10251\/153381%20\"><strong>Arquitectura Modular en el Espacio: Espai Verd, un H\u00e1bitat Sostenible<\/strong><\/a><\/h3>\n\n\n\n<p>Universitat Polit\u00e8cnica de Val\u00e8ncia, ETSA. 2020&nbsp;<\/p>\n\n\n\n<p>Directores: Domingo Calabuig, D\u00e9bora y Serra Lluch, Juan&nbsp;<\/p>\n\n\n\n<div style=\"height:50px\" aria-hidden=\"true\" class=\"wp-block-spacer\"><\/div>\n\n\n\n<p><em>Anna Delcampo Carda<\/em><\/p>\n\n\n\n<h3 class=\"wp-block-heading\" style=\"text-transform:uppercase\"><a href=\"https:\/\/riunet.upv.es\/handle\/10251\/138558\"><strong>La arquitectura residencial para personas mayores y los espacios crom\u00e1ticos para el bienestar<\/strong><\/a><\/h3>\n\n\n\n<p>Universitat Polit\u00e8cnica de Val\u00e8ncia, ETSAV, 2019 (Finalizada en el a\u00f1o 2020)<\/p>\n\n\n\n<p>Directora: Ana Torres Barchino<\/p>\n\n\n\n<div style=\"height:50px\" aria-hidden=\"true\" class=\"wp-block-spacer\"><\/div>\n\n\n\n<p><em>Ignacio Cabodevilla-Artieda<\/em><\/p>\n\n\n\n<h3 class=\"wp-block-heading\" style=\"text-transform:uppercase\"><a href=\"https:\/\/riunet.upv.es\/handle\/10251\/118655\"><strong>An\u00e1lisis comparativo de la arquitectura g\u00f3tica en los reinos de Arag\u00f3n y N\u00e1poles (S.XIII-XV)<\/strong><\/a><\/h3>\n\n\n\n<p>Universitat Polit\u00e8cnica de Val\u00e8ncia, ETSAV, 2019.<\/p>\n\n\n\n<p>Directora: Garc\u00eda Codo\u00f1er, \u00c1ngela<\/p>\n\n\n\n<p>Premio Extraordinario de tesis doctoral UPV. Menci\u00f3n Europea.<\/p>\n\n\n\n<div style=\"height:50px\" aria-hidden=\"true\" class=\"wp-block-spacer\"><\/div>\n\n\n\n<p><em>Mat\u00edas Gisbert Viv\u00f3<\/em><\/p>\n\n\n\n<h3 class=\"wp-block-heading\" style=\"text-transform:uppercase\"><a href=\"https:\/\/riunet.upv.es\/bitstream\/handle\/10251\/114822\/Tesis%20Definitiva.pdf?sequence=1&amp;isAllowed=y\"><strong>Las estaciones de ferrocarril de v\u00eda estrecha en Valencia en la \u00e9poca de su construcci\u00f3n<\/strong><\/a><\/h3>\n\n\n\n<p>Universitat Polit\u00e8cnica de Val\u00e8ncia, ETSAV. 2018<\/p>\n\n\n\n<p>Director: Llopis Verd\u00fa, Jorge<\/p>\n\n\n\n<div style=\"height:50px\" aria-hidden=\"true\" class=\"wp-block-spacer\"><\/div>\n\n\n\n<p><em>Irene de la Torre Forn\u00e9s<\/em><\/p>\n\n\n\n<h3 class=\"wp-block-heading\" style=\"text-transform:uppercase\"><a href=\"https:\/\/riunet.upv.es\/handle\/10251\/90539\"><strong>La Cer\u00e1mica Arquitect\u00f3nica en la obra de Oscar Niemeyer: Color, Morfolog\u00eda e Intenciones<\/strong><\/a><\/h3>\n\n\n\n<p>Universitat Polit\u00e8cnica de Val\u00e8ncia, ETSAV, 2017<\/p>\n\n\n\n<p>Directora: Ana Torres Barchino; Angela Garcia<\/p>\n\n\n\n<div style=\"height:50px\" aria-hidden=\"true\" class=\"wp-block-spacer\"><\/div>\n\n\n\n<p><em>Rafael E. Mar\u00edn Tolosa<\/em><\/p>\n\n\n\n<h3 class=\"wp-block-heading\" style=\"text-transform:uppercase\"><a href=\"https:\/\/riunet.upv.es\/bitstream\/handle\/10251\/90516\/Mar%c3%adn%20-%20El%20Sanatorio%20de%20San%20Francisco%20de%20Borja%20de%20Fontilles%20%28Siglo%20XX%29.%20Influencia%20en%20el%20contexto....pdf?sequence=1&amp;isAllowed=y\"><strong>La Colonia Sanitaria de Fontilles: Sanatorio de San Francisco de Borja (Siglo XX). Influencia en el contexto de la g\u00e9nesis del lazareto sanitario. Aplicaci\u00f3n de t\u00e9cnicas avanzadas para su caracterizaci\u00f3n estructural y estado de conservaci\u00f3n<\/strong><\/a><\/h3>\n\n\n\n<p>Universitat Polit\u00e8cnica de Val\u00e8ncia, ETSAV. 2017<\/p>\n\n\n\n<p>Directores: Llopis Ver\u00fa, Jorge; Hidalgo Delgado, Francisco.<\/p>\n\n\n\n<div style=\"height:50px\" aria-hidden=\"true\" class=\"wp-block-spacer\"><\/div>\n\n\n\n<p><em>Francisco Javier Cortina Maruenda<\/em><\/p>\n\n\n\n<h3 class=\"wp-block-heading\" style=\"text-transform:uppercase\"><a href=\"https:\/\/riunet.upv.es\/bitstream\/handle\/10251\/62865\/Indice%20Javier%20Cortina.pdf?sequence=2&amp;isAllowed=y\"><strong>Fotograf\u00eda y Arquitectura del Movimiento Moderno en Valencia. 1925-1965. Casos paradigm\u00e1ticos<\/strong><\/a><\/h3>\n\n\n\n<p>Universitat Polit\u00e8cnica de Val\u00e8ncia, ETSAV. 2016<\/p>\n\n\n\n<p>Directores: Garc\u00eda Codo\u00f1er, \u00c1ngela; Serra Lluch, Juan<\/p>\n\n\n\n<div style=\"height:50px\" aria-hidden=\"true\" class=\"wp-block-spacer\"><\/div>\n\n\n\n<p><em>Sancho Mir, Miguel<\/em><\/p>\n\n\n\n<h3 class=\"wp-block-heading\" style=\"text-transform:uppercase\"><a href=\"https:\/\/riunet.upv.es\/bitstream\/handle\/10251\/62328\/SANCHO%20-%20TRANSFORMACIONES%20URBANAS%20EN%20LA%20CIUDAD%20DE%20TERUEL%3a%20RECONSTRUCCI%c3%93N%20Y%20AN%c3%81LISIS%20GR%c3%81FICO.pdf?sequence=1&amp;isAllowed=y\"><strong>Reconstrucci\u00f3n y an\u00e1lisis gr\u00e1fico del espacio urbano en la ciudad de Teruel<\/strong><\/a><\/h3>\n\n\n\n<p>Universitat Polit\u00e8cnica de Val\u00e8ncia, ETSAV. 2016<\/p>\n\n\n\n<p>Directores: Llopis Ver\u00fa, Jorge; Agust\u00edn Hern\u00e1ndez, Luis.<\/p>\n\n\n\n<div style=\"height:50px\" aria-hidden=\"true\" class=\"wp-block-spacer\"><\/div>\n\n\n\n<p><em>M\u00aa Angeles \u00c1lvarez Gonz\u00e1lez<\/em><\/p>\n\n\n\n<h3 class=\"wp-block-heading\" style=\"text-transform:uppercase\"><a href=\"https:\/\/riunet.upv.es\/bitstream\/handle\/10251\/62175\/%c3%81lvarez%20-%20ESTUDIO%20DE%20LA%20APLICACI%c3%93N%20DEL%20COLOR%20EN%20SIETE%20VILLAS%20DE%20ADOLF%20LOOS.pdf?sequence=1&amp;isAllowed=y\"><strong>Estudio De La Aplicaci\u00f3n Del Color En Siete Villas De Adolf Loos<\/strong><\/a><\/h3>\n\n\n\n<p>Universitat Polit\u00e8cnica de Val\u00e8ncia, ETSAV. 2016<\/p>\n\n\n\n<p>Directores: Garc\u00eda Codo\u00f1er, \u00c1ngela; Serra Lluch, Juan<\/p>\n\n\n\n<div style=\"height:50px\" aria-hidden=\"true\" class=\"wp-block-spacer\"><\/div>\n\n\n\n<p><em>Sintas Mart\u00ednez, Antonio<\/em><\/p>\n\n\n\n<h3 class=\"wp-block-heading\" style=\"text-transform:uppercase\"><a href=\"https:\/\/riunet.upv.es\/bitstream\/handle\/10251\/60154\/Sintas%20-%20El%20trazado%20de%20los%20teatros%20romanos%20de%20Hispania%3a%20An%c3%a1lisis%20gr%c3%a1fico..pdf?sequence=1&amp;isAllowed=y\"><strong>La arquitectura teatral del Imperio Romano en Hispania. An\u00e1lisis gr\u00e1fico<\/strong><\/a><\/h3>\n\n\n\n<p>Universitat Polit\u00e8cnica de Val\u00e8ncia, ETSAV. 2016<\/p>\n\n\n\n<p>Director: Llopis Verd\u00fa, Jorge<\/p>\n\n\n\n<div style=\"height:50px\" aria-hidden=\"true\" class=\"wp-block-spacer\"><\/div>\n\n\n\n<p><em>Gilabert Sanz, Salvador<\/em><\/p>\n\n\n\n<h3 class=\"wp-block-heading\" style=\"text-transform:uppercase\"><a href=\"https:\/\/riunet.upv.es\/handle\/10251\/52696\"><strong>Enric Miralles. El Dibujo De La Imaginaci\u00f3n<\/strong><\/a><\/h3>\n\n\n\n<p>Universitat Polit\u00e8cnica de Val\u00e8ncia, ETSAV, 2015<\/p>\n\n\n\n<p>Directora: Ana Torres Barchino; Angela Garcia<\/p>\n\n\n\n<div style=\"height:50px\" aria-hidden=\"true\" class=\"wp-block-spacer\"><\/div>\n\n\n\n<p><em>Molina Siles, Pedro J,<\/em><\/p>\n\n\n\n<h3 class=\"wp-block-heading\" style=\"text-transform:uppercase\"><a href=\"https:\/\/riunet.upv.es\/handle\/10251\/48455\"><strong>La Frontera Diluida. Arquitecturas Ef\u00edmeras en el cine. De Europa a Hollywood<\/strong><\/a><\/h3>\n\n\n\n<p>Universitat Polit\u00e8cnica de Val\u00e8ncia, ETSAV, 2014<\/p>\n\n\n\n<p>Directora: Ana Torres Barchino; \u00c1ngela Gar\u00eda<\/p>\n\n\n\n<div style=\"height:50px\" aria-hidden=\"true\" class=\"wp-block-spacer\"><\/div>\n\n\n\n<p><em>Jimenez Alca\u00f1iz, Ces\u00e1reo<\/em><\/p>\n\n\n\n<h3 class=\"wp-block-heading\" style=\"text-transform:uppercase\"><a href=\"https:\/\/riunet.upv.es\/handle\/10251\/37014\"><strong>An\u00e1lisis de las metodolog\u00edas para la recuperaci\u00f3n patrimonial de entornos urbanos protegidos. Propuesta metodol\u00f3gica: desde los valores hist\u00f3ricos a los nuevos modelos energ\u00e9ticos. Russafa desde el siglo XIX<\/strong><\/a><\/h3>\n\n\n\n<p>Universitat Polit\u00e8cnica de Val\u00e8ncia, ETSAV, 2014<\/p>\n\n\n\n<p>Directora: \u00c1ngela Garc\u00eda; Ana Torres Barchino<\/p>\n\n\n\n<div style=\"height:50px\" aria-hidden=\"true\" class=\"wp-block-spacer\"><\/div>\n\n\n\n<p><em>Lillo Giner, Santiago<\/em><\/p>\n\n\n\n<h3 class=\"wp-block-heading\" style=\"text-transform:uppercase\"><a href=\"https:\/\/riunet.upv.es\/bitstream\/handle\/10251\/16961\/tesisUPV3891.pdf?sequence=6&amp;isAllowed=y\"><strong>La Ciudadela de Valencia. Desarrollo y evoluci\u00f3n<\/strong><\/a><\/h3>\n\n\n\n<p>Universitat Polit\u00e8cnica de Val\u00e8ncia, 2012.<\/p>\n\n\n\n<p>Director: Llopis Verd\u00fa, Jorge<\/p>\n\n\n\n<div style=\"height:50px\" aria-hidden=\"true\" class=\"wp-block-spacer\"><\/div>\n\n\n\n<p><em>Gim\u00e9nez Ribera, Manuel<\/em><\/p>\n\n\n\n<h3 class=\"wp-block-heading\" style=\"text-transform:uppercase\"><a href=\"https:\/\/riunet.upv.es\/bitstream\/handle\/10251\/8478\/tesisUPV3323.pdf?sequence=11&amp;isAllowed=y\"><strong>Luis Albert. Racionalismo en la ciudad de Valencia. 1927-1936<\/strong><\/a><\/h3>\n\n\n\n<p>Universitat Polit\u00e8cnica de Val\u00e8ncia, ETSAV, 2010.<\/p>\n\n\n\n<p>Director: Llopis Verd\u00fa, Jorge.<\/p>\n\n\n\n<div style=\"height:50px\" aria-hidden=\"true\" class=\"wp-block-spacer\"><\/div>\n\n\n\n<p><em>Juan Serra Lluch<\/em><\/p>\n\n\n\n<h3 class=\"wp-block-heading\" style=\"text-transform:uppercase\"><a href=\"https:\/\/juaserl1.blogs.upv.es\/\"><strong>La versatilidad del color en la composici\u00f3n de la arquitectura contempor\u00e1nea europea: contexto art\u00edstico, estrategias pl\u00e1sticas e intenciones<\/strong><\/a><\/h3>\n\n\n\n<p>Universitat Polit\u00e8cnica de Val\u00e8ncia, ETSAV, 2010.<\/p>\n\n\n\n<p>Directora: Garc\u00eda Codo\u00f1er, \u00c1ngela<\/p>\n\n\n\n<p>Premio Extraordinario de tesis doctoral UPV. Menci\u00f3n Europea.<\/p>\n\n\n\n<div style=\"height:50px\" aria-hidden=\"true\" class=\"wp-block-spacer\"><\/div>\n\n\n\n<p><em>Jorge Llopis Verd\u00fa<\/em><\/p>\n\n\n\n<h3 class=\"wp-block-heading\" style=\"text-transform:uppercase\"><strong>An\u00e1lisis de los \u00f3rdenes cl\u00e1sicos en la arquitectura renacentista valenciana. El Colegio de Corpus Christi de Valencia<\/strong><\/h3>\n\n\n\n<p>Universitat Polit\u00e8cnica de Val\u00e8ncia, ETSAV, 1997.<\/p>\n\n\n\n<p>Directora: Garc\u00eda Codo\u00f1er, \u00c1ngela<\/p>\n\n\n\n<div style=\"height:100px\" aria-hidden=\"true\" class=\"wp-block-spacer\"><\/div>\n","protected":false},"excerpt":{"rendered":"<p>Manuel Calleja Molina Arquitectura Modular en el Espacio: Espai Verd, un H\u00e1bitat Sostenible Universitat Polit\u00e8cnica de Val\u00e8ncia, ETSA. 2020&nbsp; Directores: Domingo Calabuig, D\u00e9bora y Serra Lluch, Juan&nbsp; Anna Delcampo Carda La arquitectura residencial para personas mayores y los espacios crom\u00e1ticos para el bienestar Universitat Polit\u00e8cnica de Val\u00e8ncia, ETSAV, 2019 (Finalizada en el a\u00f1o 2020) Directora: [&hellip;]<\/p>\n","protected":false},"author":1,"featured_media":0,"parent":0,"menu_order":0,"comment_status":"closed","ping_status":"closed","template":"","meta":{"_monsterinsights_skip_tracking":false,"_monsterinsights_sitenote_active":false,"_monsterinsights_sitenote_note":"","_monsterinsights_sitenote_category":0,"footnotes":""},"class_list":["post-2908","page","type-page","status-publish","hentry"],"aioseo_notices":[],"_links":{"self":[{"href":"https:\/\/grupocolor.webs.upv.es\/index.php?rest_route=\/wp\/v2\/pages\/2908","targetHints":{"allow":["GET"]}}],"collection":[{"href":"https:\/\/grupocolor.webs.upv.es\/index.php?rest_route=\/wp\/v2\/pages"}],"about":[{"href":"https:\/\/grupocolor.webs.upv.es\/index.php?rest_route=\/wp\/v2\/types\/page"}],"author":[{"embeddable":true,"href":"https:\/\/grupocolor.webs.upv.es\/index.php?rest_route=\/wp\/v2\/users\/1"}],"replies":[{"embeddable":true,"href":"https:\/\/grupocolor.webs.upv.es\/index.php?rest_route=%2Fwp%2Fv2%2Fcomments&post=2908"}],"version-history":[{"count":5,"href":"https:\/\/grupocolor.webs.upv.es\/index.php?rest_route=\/wp\/v2\/pages\/2908\/revisions"}],"predecessor-version":[{"id":4691,"href":"https:\/\/grupocolor.webs.upv.es\/index.php?rest_route=\/wp\/v2\/pages\/2908\/revisions\/4691"}],"wp:attachment":[{"href":"https:\/\/grupocolor.webs.upv.es\/index.php?rest_route=%2Fwp%2Fv2%2Fmedia&parent=2908"}],"curies":[{"name":"wp","href":"https:\/\/api.w.org\/{rel}","templated":true}]}}