{"id":3021,"date":"2020-01-31T15:56:01","date_gmt":"2020-01-31T15:56:01","guid":{"rendered":"https:\/\/grupocolor.webs.upv.es\/?page_id=3021"},"modified":"2026-03-03T22:23:36","modified_gmt":"2026-03-03T22:23:36","slug":"aplicaciones","status":"publish","type":"page","link":"https:\/\/grupocolor.webs.upv.es\/?page_id=3021","title":{"rendered":"Aplicaciones Inform\u00e1ticas"},"content":{"rendered":"\n<p class=\"has-black-color has-text-color has-link-color wp-elements-9915286c02cd5c5feffb10d2e61b7d00\"><strong><strong>Simultaneous Color Contrast in Architecture<\/strong><\/strong><\/p>\n\n\n\n<p><em>Desarrollador: Juan Serra Lluch<\/em><\/p>\n\n\n\n<div class=\"wp-block-columns is-layout-flex wp-container-core-columns-is-layout-9d6595d7 wp-block-columns-is-layout-flex\">\n<div class=\"wp-block-column is-layout-flow wp-block-column-is-layout-flow\" style=\"flex-basis:33.33%\">\n<figure class=\"wp-block-image size-full\"><img decoding=\"async\" width=\"886\" height=\"545\" data-src=\"https:\/\/grupocolor.webs.upv.es\/wp-content\/uploads\/2026\/03\/image-1.png\" alt=\"\" class=\"wp-image-5073 lazyload\" data-srcset=\"https:\/\/grupocolor.webs.upv.es\/wp-content\/uploads\/2026\/03\/image-1.png 886w, https:\/\/grupocolor.webs.upv.es\/wp-content\/uploads\/2026\/03\/image-1-300x185.png 300w, https:\/\/grupocolor.webs.upv.es\/wp-content\/uploads\/2026\/03\/image-1-768x472.png 768w, https:\/\/grupocolor.webs.upv.es\/wp-content\/uploads\/2026\/03\/image-1-700x430.png 700w\" data-sizes=\"(max-width: 886px) 100vw, 886px\" src=\"data:image\/svg+xml;base64,PHN2ZyB3aWR0aD0iMSIgaGVpZ2h0PSIxIiB4bWxucz0iaHR0cDovL3d3dy53My5vcmcvMjAwMC9zdmciPjwvc3ZnPg==\" style=\"--smush-placeholder-width: 886px; --smush-placeholder-aspect-ratio: 886\/545;\" \/><\/figure>\n<\/div>\n\n\n\n<div class=\"wp-block-column is-layout-flow wp-block-column-is-layout-flow\" style=\"flex-basis:66.66%\">\n<p>Siguiendo a Josef Albers (1888-1976), experimenta el efecto \u00f3ptico que se produce en las fachadas cuando 3 colores parecen ser 2, por efecto del Contraste Simult\u00e1neo. Podr\u00e1s hacerlo tambi\u00e9n con algunos colores del Centro Hist\u00f3rico de Valencia.<\/p>\n\n\n\n<p><em>Following the work of Josef Albers (1888-1976), experiment with the optical effect that occurs on facades when three colors appear as two, due to the effect of simultaneous contrast. You can also do this with some colors from the Historic Center of Valencia.<\/em><\/p>\n\n\n\n<div class=\"wp-block-buttons is-layout-flex wp-block-buttons-is-layout-flex\">\n<div class=\"wp-block-button\"><a class=\"wp-block-button__link wp-element-button\" href=\"https:\/\/gemini.google.com\/share\/87281a7c698b\" target=\"_blank\" rel=\"noreferrer noopener\">Acceder<\/a><\/div>\n<\/div>\n<\/div>\n<\/div>\n\n\n\n<div style=\"height:70px\" aria-hidden=\"true\" class=\"wp-block-spacer\"><\/div>\n\n\n\n<p class=\"has-black-color has-text-color has-link-color wp-elements-8d360da8ab0172f90722b78c7053b87d\"><strong>Naixem VR<\/strong><\/p>\n\n\n\n<p><em>Desarrolladores: Juan Serra Lluch, Eduardo Baviera Ll\u00f3pez<\/em><\/p>\n\n\n\n<div class=\"wp-block-columns is-layout-flex wp-container-core-columns-is-layout-9d6595d7 wp-block-columns-is-layout-flex\">\n<div class=\"wp-block-column is-layout-flow wp-block-column-is-layout-flow\" style=\"flex-basis:33.33%\">\n<figure class=\"wp-block-image size-full\"><img decoding=\"async\" width=\"843\" height=\"255\" data-src=\"https:\/\/grupocolor.webs.upv.es\/wp-content\/uploads\/2025\/11\/PREFERENT_MARRO_NAIXEM.png\" alt=\"\" class=\"wp-image-5054 lazyload\" data-srcset=\"https:\/\/grupocolor.webs.upv.es\/wp-content\/uploads\/2025\/11\/PREFERENT_MARRO_NAIXEM.png 843w, https:\/\/grupocolor.webs.upv.es\/wp-content\/uploads\/2025\/11\/PREFERENT_MARRO_NAIXEM-300x91.png 300w, https:\/\/grupocolor.webs.upv.es\/wp-content\/uploads\/2025\/11\/PREFERENT_MARRO_NAIXEM-768x232.png 768w\" data-sizes=\"(max-width: 843px) 100vw, 843px\" src=\"data:image\/svg+xml;base64,PHN2ZyB3aWR0aD0iMSIgaGVpZ2h0PSIxIiB4bWxucz0iaHR0cDovL3d3dy53My5vcmcvMjAwMC9zdmciPjwvc3ZnPg==\" style=\"--smush-placeholder-width: 843px; --smush-placeholder-aspect-ratio: 843\/255;\" \/><\/figure>\n<\/div>\n\n\n\n<div class=\"wp-block-column is-layout-flow wp-block-column-is-layout-flow\" style=\"flex-basis:66.66%\">\n<p>Aplicaci\u00f3n online, disponible tambi\u00e9n para su ejecuci\u00f3n en local, que permite evaluar el aspecto visual de los espacios interiores para el parto natural, con distintas opciones espaciales y de color en un entorno foto realista envolvente 360\u00ba. <\/p>\n\n\n\n<p>Forma parte de los resultados del proyecto \u201cEstrategias y modelos para la mejora de la seguridad, funcionalidad y experiencia de usuario en centros de nacimiento\u201d (GVA. INNEST\/2023\/93) dentro del Programa de Proyectos Estrat\u00e9gicos en Cooperaci\u00f3n, financiado por la Uni\u00f3n Europea en el marco del Programa Fondo Europeo de Desarrollo Regional (FEDER) Comunitat Valenciana&nbsp;2021-2027.<\/p>\n\n\n\n<div class=\"wp-block-buttons is-layout-flex wp-block-buttons-is-layout-flex\">\n<div class=\"wp-block-button\"><a class=\"wp-block-button__link wp-element-button\" href=\"https:\/\/grupocolor.webs.upv.es\/naixemvr\/\" target=\"_blank\" rel=\"noreferrer noopener\">Acceder<\/a><\/div>\n<\/div>\n<\/div>\n<\/div>\n\n\n\n<div style=\"height:70px\" aria-hidden=\"true\" class=\"wp-block-spacer\"><\/div>\n\n\n\n<p class=\"has-black-color has-text-color has-link-color wp-elements-a2916435f1997c18e7049e819efe4452\"><strong>MODIPANO<\/strong><\/p>\n\n\n\n<p><em>Desarrolladores: Ana Torres Barchino, Eduardo Baviera<\/em> Ll\u00f3pez<\/p>\n\n\n\n<div class=\"wp-block-columns is-layout-flex wp-container-core-columns-is-layout-9d6595d7 wp-block-columns-is-layout-flex\">\n<div class=\"wp-block-column is-layout-flow wp-block-column-is-layout-flow\" style=\"flex-basis:33.33%\">\n<figure class=\"wp-block-image size-full\"><img decoding=\"async\" width=\"300\" height=\"72\" data-src=\"https:\/\/grupocolor.webs.upv.es\/wp-content\/uploads\/2025\/07\/logo-300x72-1.jpg\" alt=\"\" class=\"wp-image-5017 lazyload\" src=\"data:image\/svg+xml;base64,PHN2ZyB3aWR0aD0iMSIgaGVpZ2h0PSIxIiB4bWxucz0iaHR0cDovL3d3dy53My5vcmcvMjAwMC9zdmciPjwvc3ZnPg==\" style=\"--smush-placeholder-width: 300px; --smush-placeholder-aspect-ratio: 300\/72;\" \/><\/figure>\n<\/div>\n\n\n\n<div class=\"wp-block-column is-layout-flow wp-block-column-is-layout-flow\" style=\"flex-basis:66.66%\">\n<p>Aplicaci\u00f3n online que permite evaluar el aspecto visual de los espacios interiores de una residencia para personas mayores, con distintas opciones de color en un entorno foto realista envolvente 360\u00ba. Los espacios mostrados pertenecen al Centro Geri\u00e1trico S. Francisco de Borja de Fontilles.<\/p>\n\n\n\n<p>Forma parte de los resultados del proyecto de investigaci\u00f3n \u201cModificaciones del confort visual en centros residenciales para la mejora de la calidad de vida de las personas mayores\u201d (MINECO 2016-2019)<\/p>\n\n\n\n<div class=\"wp-block-buttons is-layout-flex wp-block-buttons-is-layout-flex\">\n<div class=\"wp-block-button\"><a class=\"wp-block-button__link wp-element-button\" href=\"https:\/\/grupocolor.webs.upv.es\/modipano\/\" target=\"_blank\" rel=\"noreferrer noopener\">Acceder<\/a><\/div>\n<\/div>\n<\/div>\n<\/div>\n\n\n\n<div style=\"height:70px\" aria-hidden=\"true\" class=\"wp-block-spacer\"><\/div>\n\n\n\n<p class=\"has-black-color has-text-color has-link-color wp-elements-9974bd111343ccbc44a2eebe0e2ee6b9\"><strong>COLORDOKU 3D &#8211; Train your color habilities<\/strong><\/p>\n\n\n\n<p><em>Desarrolladores: Irene Cebri\u00e1n Onsurbe, David de Andr\u00e9s Mart\u00ednez y Juan Serra Lluch<\/em><\/p>\n\n\n\n<div class=\"wp-block-columns is-layout-flex wp-container-core-columns-is-layout-9d6595d7 wp-block-columns-is-layout-flex\">\n<div class=\"wp-block-column is-layout-flow wp-block-column-is-layout-flow\" style=\"flex-basis:33.33%\">\n<figure class=\"wp-block-image size-large\"><img decoding=\"async\" width=\"1024\" height=\"599\" data-src=\"https:\/\/grupocolor.webs.upv.es\/wp-content\/uploads\/2025\/07\/ColorDoku-1024x599.png\" alt=\"\" class=\"wp-image-5014 lazyload\" data-srcset=\"https:\/\/grupocolor.webs.upv.es\/wp-content\/uploads\/2025\/07\/ColorDoku-1024x599.png 1024w, https:\/\/grupocolor.webs.upv.es\/wp-content\/uploads\/2025\/07\/ColorDoku-300x176.png 300w, https:\/\/grupocolor.webs.upv.es\/wp-content\/uploads\/2025\/07\/ColorDoku-768x450.png 768w, https:\/\/grupocolor.webs.upv.es\/wp-content\/uploads\/2025\/07\/ColorDoku-1536x899.png 1536w, https:\/\/grupocolor.webs.upv.es\/wp-content\/uploads\/2025\/07\/ColorDoku.png 1592w\" data-sizes=\"(max-width: 1024px) 100vw, 1024px\" src=\"data:image\/svg+xml;base64,PHN2ZyB3aWR0aD0iMSIgaGVpZ2h0PSIxIiB4bWxucz0iaHR0cDovL3d3dy53My5vcmcvMjAwMC9zdmciPjwvc3ZnPg==\" style=\"--smush-placeholder-width: 1024px; --smush-placeholder-aspect-ratio: 1024\/599;\" \/><\/figure>\n<\/div>\n\n\n\n<div class=\"wp-block-column is-layout-flow wp-block-column-is-layout-flow\" style=\"flex-basis:66.66%\">\n<p>Juego para mejorar la capacidad de discriminaci\u00f3n crom\u00e1tica y comprender la distribuci\u00f3n espacial de los colores seg\u00fan sus variables perceptivas tono, valor y saturaci\u00f3n. El usuario debe resolver un puzle tridimensional colocando adecuadamente los parches de colores sobre las caras de distintos cuerpos geom\u00e9tricos.<\/p>\n\n\n\n<div class=\"wp-block-buttons is-layout-flex wp-block-buttons-is-layout-flex\">\n<div class=\"wp-block-button\"><a class=\"wp-block-button__link wp-element-button\" href=\"https:\/\/grupocolor.webs.upv.es\/?page_id=3275\">Acceder<\/a><\/div>\n<\/div>\n<\/div>\n<\/div>\n\n\n\n<div style=\"height:70px\" aria-hidden=\"true\" class=\"wp-block-spacer\"><\/div>\n\n\n\n<p class=\"has-black-color has-text-color has-link-color wp-elements-9ef8278c9128f055018ec84b033100aa\"><strong>SIMULADOR<\/strong><\/p>\n\n\n\n<p><em>Desarrolladores: Irene Cebri\u00e1n Onsurbe, David de Andr\u00e9s Mart\u00ednez y Juan Serra Lluch<\/em><\/p>\n\n\n\n<div class=\"wp-block-columns is-layout-flex wp-container-core-columns-is-layout-9d6595d7 wp-block-columns-is-layout-flex\">\n<div class=\"wp-block-column is-layout-flow wp-block-column-is-layout-flow\" style=\"flex-basis:33.33%\">\n<figure class=\"wp-block-image size-large\"><img decoding=\"async\" width=\"1024\" height=\"555\" data-src=\"https:\/\/grupocolor.webs.upv.es\/wp-content\/uploads\/2025\/07\/CARATULA-1-1024x555.jpg\" alt=\"\" class=\"wp-image-5018 lazyload\" data-srcset=\"https:\/\/grupocolor.webs.upv.es\/wp-content\/uploads\/2025\/07\/CARATULA-1-1024x555.jpg 1024w, https:\/\/grupocolor.webs.upv.es\/wp-content\/uploads\/2025\/07\/CARATULA-1-300x163.jpg 300w, https:\/\/grupocolor.webs.upv.es\/wp-content\/uploads\/2025\/07\/CARATULA-1-768x416.jpg 768w, https:\/\/grupocolor.webs.upv.es\/wp-content\/uploads\/2025\/07\/CARATULA-1-1536x832.jpg 1536w, https:\/\/grupocolor.webs.upv.es\/wp-content\/uploads\/2025\/07\/CARATULA-1.jpg 1920w\" data-sizes=\"(max-width: 1024px) 100vw, 1024px\" src=\"data:image\/svg+xml;base64,PHN2ZyB3aWR0aD0iMSIgaGVpZ2h0PSIxIiB4bWxucz0iaHR0cDovL3d3dy53My5vcmcvMjAwMC9zdmciPjwvc3ZnPg==\" style=\"--smush-placeholder-width: 1024px; --smush-placeholder-aspect-ratio: 1024\/555;\" \/><\/figure>\n<\/div>\n\n\n\n<div class=\"wp-block-column is-layout-flow wp-block-column-is-layout-flow\" style=\"flex-basis:66.66%\">\n<p>Simulador inform\u00e1tico que facilita el avance en los estudios crom\u00e1ticos para la arquitectura interior de centros residenciales para la tercera edad antes de ser intervenidos. Este simulador permite que el observador se desplace y pueda observar de manera libre en cualquier direcci\u00f3n del espacio.<\/p>\n\n\n\n<p>Forma parte de los resultados del proyecto de investigaci\u00f3n \u201cModificaciones del confort visual en centros residenciales para la mejora de la calidad de vida de las personas mayores\u201d (MINECO 2016-2019)<\/p>\n\n\n\n<div class=\"wp-block-buttons is-layout-flex wp-block-buttons-is-layout-flex\">\n<div class=\"wp-block-button\"><a class=\"wp-block-button__link wp-element-button\" href=\"https:\/\/grupocolor.webs.upv.es\/?page_id=2917\">Acceder<\/a><\/div>\n<\/div>\n<\/div>\n<\/div>\n\n\n\n<div style=\"height:70px\" aria-hidden=\"true\" class=\"wp-block-spacer\"><\/div>\n\n\n\n<div style=\"height:70px\" aria-hidden=\"true\" class=\"wp-block-spacer\"><\/div>\n\n\n\n<p class=\"has-black-color has-text-color has-link-color wp-elements-5f6ec92492d8fc0e834c0b6719541944\"><strong>ColorArch App<\/strong><\/p>\n\n\n\n<p><em>Desarrolladores: Irene Cebri\u00e1n Onsurbe, David de Andr\u00e9s Mart\u00ednez y Juan Serra Lluch<\/em><\/p>\n\n\n\n<div class=\"wp-block-columns is-layout-flex wp-container-core-columns-is-layout-9d6595d7 wp-block-columns-is-layout-flex\">\n<div class=\"wp-block-column is-layout-flow wp-block-column-is-layout-flow\" style=\"flex-basis:33.33%\">\n<figure class=\"wp-block-image size-full\"><img decoding=\"async\" width=\"180\" height=\"180\" data-src=\"https:\/\/grupocolor.webs.upv.es\/wp-content\/uploads\/2025\/07\/01_icono-Color-Arch.png\" alt=\"\" class=\"wp-image-5016 lazyload\" data-srcset=\"https:\/\/grupocolor.webs.upv.es\/wp-content\/uploads\/2025\/07\/01_icono-Color-Arch.png 180w, https:\/\/grupocolor.webs.upv.es\/wp-content\/uploads\/2025\/07\/01_icono-Color-Arch-150x150.png 150w\" data-sizes=\"(max-width: 180px) 100vw, 180px\" src=\"data:image\/svg+xml;base64,PHN2ZyB3aWR0aD0iMSIgaGVpZ2h0PSIxIiB4bWxucz0iaHR0cDovL3d3dy53My5vcmcvMjAwMC9zdmciPjwvc3ZnPg==\" style=\"--smush-placeholder-width: 180px; --smush-placeholder-aspect-ratio: 180\/180;\" \/><\/figure>\n<\/div>\n\n\n\n<div class=\"wp-block-column is-layout-flow wp-block-column-is-layout-flow\" style=\"flex-basis:66.66%\">\n<p>Aplicaci\u00f3n para dispositivos m\u00f3viles que permite seleccionar combinaciones de colores siguiendo los criterios de arquitectos de reconocido prestigio y permite conocer sus caracter\u00edsticas en un sistema de notaci\u00f3n est\u00e1ndar de color.<\/p>\n\n\n\n<div class=\"wp-block-buttons is-layout-flex wp-block-buttons-is-layout-flex\">\n<div class=\"wp-block-button\"><a class=\"wp-block-button__link wp-element-button\" href=\"https:\/\/play.google.com\/store\/apps\/details?id=mmr.dam.testopengl&amp;hl=es&amp;pli=1\">Acceder<\/a><\/div>\n<\/div>\n<\/div>\n<\/div>\n\n\n\n<div style=\"height:40px\" aria-hidden=\"true\" class=\"wp-block-spacer\"><\/div>\n\n\n\n<figure class=\"wp-block-embed is-type-video is-provider-youtube wp-block-embed-youtube wp-embed-aspect-16-9 wp-has-aspect-ratio\"><div class=\"wp-block-embed__wrapper\">\n<iframe title=\"ColorArch App Le Corbusier\" width=\"1150\" height=\"647\" data-src=\"https:\/\/www.youtube.com\/embed\/EHq-ib3UsAo?feature=oembed\" frameborder=\"0\" allow=\"accelerometer; autoplay; clipboard-write; encrypted-media; gyroscope; picture-in-picture; web-share\" referrerpolicy=\"strict-origin-when-cross-origin\" allowfullscreen src=\"data:image\/svg+xml;base64,PHN2ZyB3aWR0aD0iMSIgaGVpZ2h0PSIxIiB4bWxucz0iaHR0cDovL3d3dy53My5vcmcvMjAwMC9zdmciPjwvc3ZnPg==\" class=\"lazyload\" data-load-mode=\"1\"><\/iframe>\n<\/div><\/figure>\n\n\n\n<div style=\"height:70px\" aria-hidden=\"true\" class=\"wp-block-spacer\"><\/div>\n\n\n\n<p class=\"has-black-color has-text-color has-link-color wp-elements-a01fa4dc92e2283ad1e20bf893b10607\"><strong>LandArch: Evaluaci\u00f3n del Impacto Visual<\/strong><\/p>\n\n\n\n<p><em>Desarrolladores: Irene Cebri\u00e1n Onsurbe, David de Andr\u00e9s Mart\u00ednez y Juan Serra Lluch<\/em><\/p>\n\n\n\n<div class=\"wp-block-columns is-layout-flex wp-container-core-columns-is-layout-9d6595d7 wp-block-columns-is-layout-flex\">\n<div class=\"wp-block-column is-layout-flow wp-block-column-is-layout-flow\" style=\"flex-basis:33.33%\">\n<figure class=\"wp-block-image size-full\"><img decoding=\"async\" width=\"180\" height=\"180\" data-src=\"https:\/\/grupocolor.webs.upv.es\/wp-content\/uploads\/2025\/07\/01_icono-Color-Arch.png\" alt=\"\" class=\"wp-image-5016 lazyload\" data-srcset=\"https:\/\/grupocolor.webs.upv.es\/wp-content\/uploads\/2025\/07\/01_icono-Color-Arch.png 180w, https:\/\/grupocolor.webs.upv.es\/wp-content\/uploads\/2025\/07\/01_icono-Color-Arch-150x150.png 150w\" data-sizes=\"(max-width: 180px) 100vw, 180px\" src=\"data:image\/svg+xml;base64,PHN2ZyB3aWR0aD0iMSIgaGVpZ2h0PSIxIiB4bWxucz0iaHR0cDovL3d3dy53My5vcmcvMjAwMC9zdmciPjwvc3ZnPg==\" style=\"--smush-placeholder-width: 180px; --smush-placeholder-aspect-ratio: 180\/180;\" \/><\/figure>\n<\/div>\n\n\n\n<div class=\"wp-block-column is-layout-flow wp-block-column-is-layout-flow\" style=\"flex-basis:66.66%\">\n<p>Aplicaci\u00f3n para dispositivos m\u00f3viles que permite evaluar el impacto visual de arquitecturas observadas en un entorno foto realista envolvente 360\u00ba. Al observador se le muestran distintas alternativas arquitect\u00f3nicas y se le consulta sobre su calidad, as\u00ed como el grado de integraci\u00f3n paisaj\u00edstica.<\/p>\n<\/div>\n<\/div>\n\n\n\n<div style=\"height:40px\" aria-hidden=\"true\" class=\"wp-block-spacer\"><\/div>\n\n\n\n<figure class=\"wp-block-embed is-type-video is-provider-youtube wp-block-embed-youtube wp-embed-aspect-16-9 wp-has-aspect-ratio\"><div class=\"wp-block-embed__wrapper\">\n<iframe title=\"LandArch: evaluaci\u00f3n del impacto visual de arquitecturas en el paisaje\" width=\"1150\" height=\"647\" data-src=\"https:\/\/www.youtube.com\/embed\/wY9hjar2dgs?feature=oembed\" frameborder=\"0\" allow=\"accelerometer; autoplay; clipboard-write; encrypted-media; gyroscope; picture-in-picture; web-share\" referrerpolicy=\"strict-origin-when-cross-origin\" allowfullscreen src=\"data:image\/svg+xml;base64,PHN2ZyB3aWR0aD0iMSIgaGVpZ2h0PSIxIiB4bWxucz0iaHR0cDovL3d3dy53My5vcmcvMjAwMC9zdmciPjwvc3ZnPg==\" class=\"lazyload\" data-load-mode=\"1\"><\/iframe>\n<\/div><\/figure>\n\n\n\n<p class=\"has-black-color has-text-color has-link-color wp-elements-9ac00cf961d1ea846fe5a532228b76c6\"><\/p>\n\n\n\n<div style=\"height:70px\" aria-hidden=\"true\" class=\"wp-block-spacer\"><\/div>\n\n\n\n<p class=\"has-black-color has-text-color has-link-color wp-elements-e54bf44f54860e021f36d8f5ebb2fa3f\"><strong>Simulador Savia<\/strong><\/p>\n\n\n\n<p><em>Desarrolladores: Pedro M. Cabezos Bernal, Juan Serra Lluch y Ana Torres Barchino<\/em><\/p>\n\n\n\n<div class=\"wp-block-columns is-layout-flex wp-container-core-columns-is-layout-9d6595d7 wp-block-columns-is-layout-flex\">\n<div class=\"wp-block-column is-layout-flow wp-block-column-is-layout-flow\" style=\"flex-basis:33.33%\">\n<figure class=\"wp-block-image size-full\"><img decoding=\"async\" width=\"200\" height=\"200\" data-src=\"https:\/\/grupocolor.webs.upv.es\/wp-content\/uploads\/2025\/11\/saviaresidencias_logo.jpg\" alt=\"\" class=\"wp-image-5066 lazyload\" data-srcset=\"https:\/\/grupocolor.webs.upv.es\/wp-content\/uploads\/2025\/11\/saviaresidencias_logo.jpg 200w, https:\/\/grupocolor.webs.upv.es\/wp-content\/uploads\/2025\/11\/saviaresidencias_logo-150x150.jpg 150w\" data-sizes=\"(max-width: 200px) 100vw, 200px\" src=\"data:image\/svg+xml;base64,PHN2ZyB3aWR0aD0iMSIgaGVpZ2h0PSIxIiB4bWxucz0iaHR0cDovL3d3dy53My5vcmcvMjAwMC9zdmciPjwvc3ZnPg==\" style=\"--smush-placeholder-width: 200px; --smush-placeholder-aspect-ratio: 200\/200;\" \/><\/figure>\n<\/div>\n\n\n\n<div class=\"wp-block-column is-layout-flow wp-block-column-is-layout-flow\" style=\"flex-basis:66.66%\">\n<p>Experiencia piloto de visualizaci\u00f3n de panoramas esf\u00e9ricos en el centro residencial Savia de Xirivella. En este simulador se pueden testear distintos modos de visi\u00f3n seg\u00fan la edad de los pacientes y problemas visuales como el daltonismo. <\/p>\n\n\n\n<div class=\"wp-block-buttons is-layout-flex wp-block-buttons-is-layout-flex\">\n<div class=\"wp-block-button\"><a class=\"wp-block-button__link wp-element-button\" href=\"https:\/\/grupocolor.webs.upv.es\/savia\/tour.html\">Acceder<\/a><\/div>\n<\/div>\n<\/div>\n<\/div>\n","protected":false},"excerpt":{"rendered":"<p>Simultaneous Color Contrast in Architecture Desarrollador: Juan Serra Lluch Siguiendo a Josef Albers (1888-1976), experimenta el efecto \u00f3ptico que se produce en las fachadas cuando 3 colores parecen ser 2, por efecto del Contraste Simult\u00e1neo. Podr\u00e1s hacerlo tambi\u00e9n con algunos colores del Centro Hist\u00f3rico de Valencia. Following the work of Josef Albers (1888-1976), experiment with [&hellip;]<\/p>\n","protected":false},"author":1,"featured_media":0,"parent":0,"menu_order":0,"comment_status":"closed","ping_status":"closed","template":"","meta":{"_monsterinsights_skip_tracking":false,"_monsterinsights_sitenote_active":false,"_monsterinsights_sitenote_note":"","_monsterinsights_sitenote_category":0,"footnotes":""},"class_list":["post-3021","page","type-page","status-publish","hentry"],"aioseo_notices":[],"_links":{"self":[{"href":"https:\/\/grupocolor.webs.upv.es\/index.php?rest_route=\/wp\/v2\/pages\/3021","targetHints":{"allow":["GET"]}}],"collection":[{"href":"https:\/\/grupocolor.webs.upv.es\/index.php?rest_route=\/wp\/v2\/pages"}],"about":[{"href":"https:\/\/grupocolor.webs.upv.es\/index.php?rest_route=\/wp\/v2\/types\/page"}],"author":[{"embeddable":true,"href":"https:\/\/grupocolor.webs.upv.es\/index.php?rest_route=\/wp\/v2\/users\/1"}],"replies":[{"embeddable":true,"href":"https:\/\/grupocolor.webs.upv.es\/index.php?rest_route=%2Fwp%2Fv2%2Fcomments&post=3021"}],"version-history":[{"count":16,"href":"https:\/\/grupocolor.webs.upv.es\/index.php?rest_route=\/wp\/v2\/pages\/3021\/revisions"}],"predecessor-version":[{"id":5078,"href":"https:\/\/grupocolor.webs.upv.es\/index.php?rest_route=\/wp\/v2\/pages\/3021\/revisions\/5078"}],"wp:attachment":[{"href":"https:\/\/grupocolor.webs.upv.es\/index.php?rest_route=%2Fwp%2Fv2%2Fmedia&parent=3021"}],"curies":[{"name":"wp","href":"https:\/\/api.w.org\/{rel}","templated":true}]}}